{"id":571,"date":"2026-03-17T12:42:56","date_gmt":"2026-03-17T12:42:56","guid":{"rendered":"https:\/\/pousadasafaridojaguar.com\/?page_id=571"},"modified":"2026-03-18T02:54:32","modified_gmt":"2026-03-18T02:54:32","slug":"pantanal-tours","status":"publish","type":"page","link":"https:\/\/pousadasafaridojaguar.com\/pt-br\/pantanal-tours\/","title":{"rendered":"Pantanal Tours"},"content":{"rendered":"<div data-elementor-type=\"wp-page\" data-elementor-id=\"571\" class=\"elementor elementor-571\" data-elementor-post-type=\"page\">\n\t\t\t\t<div class=\"elementor-element elementor-element-9913390 e-flex e-con-boxed e-con e-parent\" data-id=\"9913390\" data-element_type=\"container\" data-e-type=\"container\">\n\t\t\t\t\t<div class=\"e-con-inner\">\n\t\t<div class=\"elementor-element elementor-element-a3ad188 e-con-full e-flex e-con e-child\" data-id=\"a3ad188\" data-element_type=\"container\" data-e-type=\"container\" data-settings=\"{&quot;background_background&quot;:&quot;classic&quot;}\">\n\t\t\t\t<div class=\"elementor-element elementor-element-02721a1 elementor-invisible elementor-widget elementor-widget-heading\" data-id=\"02721a1\" data-element_type=\"widget\" data-e-type=\"widget\" data-settings=\"{&quot;_animation&quot;:&quot;fadeIn&quot;,&quot;_animation_delay&quot;:400}\" data-widget_type=\"heading.default\">\n\t\t\t\t\t<h2 class=\"elementor-heading-title elementor-size-default\">Explore o Pantanal: passeios e experi\u00eancias de vida selvagem<\/h2>\t\t\t\t<\/div>\n\t\t\t\t<div class=\"elementor-element elementor-element-a5a40ff elementor-invisible elementor-widget elementor-widget-text-editor\" data-id=\"a5a40ff\" data-element_type=\"widget\" data-e-type=\"widget\" data-settings=\"{&quot;_animation&quot;:&quot;zoomIn&quot;,&quot;_animation_delay&quot;:600}\" data-widget_type=\"text-editor.default\">\n\t\t\t\t\t\t\t\t\t<p><strong>Descubra passeios inesquec\u00edveis no Pantanal, guiados por especialistas locais. Da observa\u00e7\u00e3o de on\u00e7as em Porto Jofre aos safaris de vida selvagem pelos rios, viva a incr\u00edvel biodiversidade do Pantanal Norte com o conforto da <a href=\"https:\/\/pousadasafaridojaguar.com\/pt-br\/pantanal-lodge\/\">nossa hospedagem<\/a>.<\/strong><\/p>\t\t\t\t\t\t\t\t<\/div>\n\t\t\t\t<div class=\"elementor-element elementor-element-9bf3d70 elementor-invisible elementor-widget elementor-widget-heading\" data-id=\"9bf3d70\" data-element_type=\"widget\" data-e-type=\"widget\" data-settings=\"{&quot;_animation&quot;:&quot;fadeIn&quot;,&quot;_animation_delay&quot;:400}\" data-widget_type=\"heading.default\">\n\t\t\t\t\t<h3 class=\"elementor-heading-title elementor-size-default\">Safaris de Vida Selvagem no Pantanal<\/h3>\t\t\t\t<\/div>\n\t\t\t\t<div class=\"elementor-element elementor-element-89c2bd6 elementor-invisible elementor-widget elementor-widget-text-editor\" data-id=\"89c2bd6\" data-element_type=\"widget\" data-e-type=\"widget\" data-settings=\"{&quot;_animation&quot;:&quot;zoomIn&quot;,&quot;_animation_delay&quot;:600}\" data-widget_type=\"text-editor.default\">\n\t\t\t\t\t\t\t\t\t<p><strong>Na Pousada Safari do Jaguar, trabalhamos para transformar o sonho dos nossos h\u00f3spedes em realidade, oferecendo passeios aut\u00eanticos de vida selvagem no Pantanal. Nossos guias locais experientes conduzem os visitantes por rios, florestas e \u00e1reas alagadas, proporcionando a observa\u00e7\u00e3o de on\u00e7as-pintadas, ariranhas, aves e diversas outras esp\u00e9cies em seu habitat natural.<\/strong><\/p>\t\t\t\t\t\t\t\t<\/div>\n\t\t\t\t<\/div>\n\t\t<div class=\"elementor-element elementor-element-2425816 e-con-full e-flex e-con e-child\" data-id=\"2425816\" data-element_type=\"container\" data-e-type=\"container\">\n\t\t\t\t<div class=\"elementor-element elementor-element-e54dc4a elementor-invisible elementor-widget elementor-widget-heading\" data-id=\"e54dc4a\" data-element_type=\"widget\" data-e-type=\"widget\" data-settings=\"{&quot;_animation&quot;:&quot;fadeIn&quot;,&quot;_animation_delay&quot;:400}\" data-widget_type=\"heading.default\">\n\t\t\t\t\t<h4 class=\"elementor-heading-title elementor-size-default\">Safari do Tamandu\u00e1<\/h4>\t\t\t\t<\/div>\n\t\t\t\t<div class=\"elementor-element elementor-element-9de36d6 elementor-invisible elementor-widget elementor-widget-text-editor\" data-id=\"9de36d6\" data-element_type=\"widget\" data-e-type=\"widget\" data-settings=\"{&quot;_animation&quot;:&quot;zoomIn&quot;,&quot;_animation_delay&quot;:600}\" data-widget_type=\"text-editor.default\">\n\t\t\t\t\t\t\t\t\t<p><strong>O Safari do Tamandu\u00e1 \u00e9 um passeio realizado nas primeiras horas da manh\u00e3, ideal para quem deseja explorar a vida selvagem do Pantanal em pouco tempo. Com dura\u00e7\u00e3o de cerca de uma hora e meia antes do caf\u00e9 da manh\u00e3, a experi\u00eancia acontece no in\u00edcio da Transpantaneira, onde \u00e9 poss\u00edvel observar tamandu\u00e1s-bandeira e outros animais t\u00edpicos da regi\u00e3o.<\/strong><\/p>\t\t\t\t\t\t\t\t<\/div>\n\t\t\t\t<\/div>\n\t\t<div class=\"elementor-element elementor-element-1bff51a e-con-full e-flex e-con e-child\" data-id=\"1bff51a\" data-element_type=\"container\" data-e-type=\"container\">\n\t\t\t\t<div class=\"elementor-element elementor-element-bf9c582 elementor-invisible elementor-widget elementor-widget-heading\" data-id=\"bf9c582\" data-element_type=\"widget\" data-e-type=\"widget\" data-settings=\"{&quot;_animation&quot;:&quot;fadeIn&quot;,&quot;_animation_delay&quot;:400}\" data-widget_type=\"heading.default\">\n\t\t\t\t\t<h5 class=\"elementor-heading-title elementor-size-default\">Safari do Tamandu\u00e1 com Passeio de Barco<\/h5>\t\t\t\t<\/div>\n\t\t\t\t<div class=\"elementor-element elementor-element-27075ee elementor-invisible elementor-widget elementor-widget-text-editor\" data-id=\"27075ee\" data-element_type=\"widget\" data-e-type=\"widget\" data-settings=\"{&quot;_animation&quot;:&quot;zoomIn&quot;,&quot;_animation_delay&quot;:600}\" data-widget_type=\"text-editor.default\">\n\t\t\t\t\t\t\t\t\t<p><strong>Esta experi\u00eancia combina o Safari do Tamandu\u00e1 ao amanhecer com um passeio de barco pelo Rio Pixaim, proporcionando uma viv\u00eancia completa de vida selvagem no Pantanal. Durante o passeio, \u00e9 poss\u00edvel observar animais tanto em terra quanto ao longo dos rios, aumentando as chances de avistamentos inesquec\u00edveis.<\/strong><\/p>\t\t\t\t\t\t\t\t<\/div>\n\t\t\t\t<\/div>\n\t\t<div class=\"elementor-element elementor-element-7e26d0f e-con-full e-flex e-con e-child\" data-id=\"7e26d0f\" data-element_type=\"container\" data-e-type=\"container\">\n\t\t\t\t<div class=\"elementor-element elementor-element-576c251 elementor-invisible elementor-widget elementor-widget-heading\" data-id=\"576c251\" data-element_type=\"widget\" data-e-type=\"widget\" data-settings=\"{&quot;_animation&quot;:&quot;fadeIn&quot;,&quot;_animation_delay&quot;:400}\" data-widget_type=\"heading.default\">\n\t\t\t\t\t<h2 class=\"elementor-heading-title elementor-size-default\">Safari da On\u00e7a no Pantanal \u2013 Porto Jofre (1 Dia)<\/h2>\t\t\t\t<\/div>\n\t\t\t\t<div class=\"elementor-element elementor-element-2eae017 elementor-invisible elementor-widget elementor-widget-text-editor\" data-id=\"2eae017\" data-element_type=\"widget\" data-e-type=\"widget\" data-settings=\"{&quot;_animation&quot;:&quot;zoomIn&quot;,&quot;_animation_delay&quot;:600}\" data-widget_type=\"text-editor.default\">\n\t\t\t\t\t\t\t\t\t<p><strong>Nosso principal passeio, o Safari da On\u00e7a \u2018Porto Jofre Express\u2019, \u00e9 uma experi\u00eancia de um dia at\u00e9 Porto Jofre, uma das melhores regi\u00f5es do mundo para observa\u00e7\u00e3o de on\u00e7as-pintadas em seu habitat natural. O tour inclui transporte terrestre e saf\u00e1ri de barco, proporcionando uma viv\u00eancia completa de vida selvagem no Pantanal Norte. A sa\u00edda acontece \u00e0s 04h00, com retorno previsto para as 19h00.\u00a0 \u00a0<\/strong><\/p>\t\t\t\t\t\t\t\t<\/div>\n\t\t\t\t<\/div>\n\t\t<div class=\"elementor-element elementor-element-9af58f0 e-con-full e-flex e-con e-child\" data-id=\"9af58f0\" data-element_type=\"container\" data-e-type=\"container\">\n\t\t\t\t<div class=\"elementor-element elementor-element-7971bc3 elementor-invisible elementor-widget elementor-widget-heading\" data-id=\"7971bc3\" data-element_type=\"widget\" data-e-type=\"widget\" data-settings=\"{&quot;_animation&quot;:&quot;fadeIn&quot;,&quot;_animation_delay&quot;:400}\" data-widget_type=\"heading.default\">\n\t\t\t\t\t<h2 class=\"elementor-heading-title elementor-size-default\">Safari da On\u00e7a com Estadia em Porto Jofre<\/h2>\t\t\t\t<\/div>\n\t\t\t\t<div class=\"elementor-element elementor-element-d7b0d1e elementor-invisible elementor-widget elementor-widget-text-editor\" data-id=\"d7b0d1e\" data-element_type=\"widget\" data-e-type=\"widget\" data-settings=\"{&quot;_animation&quot;:&quot;zoomIn&quot;,&quot;_animation_delay&quot;:600}\" data-widget_type=\"text-editor.default\">\n\t\t\t\t\t\t\t\t\t<p><strong>Para uma experi\u00eancia ainda mais completa, \u00e9 poss\u00edvel estender o <a href=\"http:\/\/www.silvatourpantanal.com\">Safari do Jaguar.<\/a>\u00c9 poss\u00edvel reservar uma ou duas noites de hospedagem em Porto Jofre, permitindo mais tempo para explorar a regi\u00e3o e aumentando significativamente as chances de avistar on\u00e7as-pintadas e outros animais do Pantanal.<\/strong><\/p>\t\t\t\t\t\t\t\t<\/div>\n\t\t\t\t<\/div>\n\t\t<div class=\"elementor-element elementor-element-9ce2fee e-con-full e-flex e-con e-child\" data-id=\"9ce2fee\" data-element_type=\"container\" data-e-type=\"container\">\n\t\t\t\t<div class=\"elementor-element elementor-element-a51b8ea e-transform elementor-widget elementor-widget-heading\" data-id=\"a51b8ea\" data-element_type=\"widget\" data-e-type=\"widget\" data-settings=\"{&quot;_transform_scale_effect_hover&quot;:{&quot;unit&quot;:&quot;px&quot;,&quot;size&quot;:1.1,&quot;sizes&quot;:[]},&quot;_transform_scale_effect_hover_tablet&quot;:{&quot;unit&quot;:&quot;px&quot;,&quot;size&quot;:&quot;&quot;,&quot;sizes&quot;:[]},&quot;_transform_scale_effect_hover_mobile&quot;:{&quot;unit&quot;:&quot;px&quot;,&quot;size&quot;:&quot;&quot;,&quot;sizes&quot;:[]}}\" data-widget_type=\"heading.default\">\n\t\t\t\t\t<h2 class=\"elementor-heading-title elementor-size-default\">Pronto para explorar o Pantanal?<\/h2>\t\t\t\t<\/div>\n\t\t\t\t<div class=\"elementor-element elementor-element-a1864d3 e-transform elementor-widget elementor-widget-text-editor\" data-id=\"a1864d3\" data-element_type=\"widget\" data-e-type=\"widget\" data-settings=\"{&quot;_transform_scale_effect_hover&quot;:{&quot;unit&quot;:&quot;px&quot;,&quot;size&quot;:1.1,&quot;sizes&quot;:[]},&quot;_transform_scale_effect_hover_tablet&quot;:{&quot;unit&quot;:&quot;px&quot;,&quot;size&quot;:&quot;&quot;,&quot;sizes&quot;:[]},&quot;_transform_scale_effect_hover_mobile&quot;:{&quot;unit&quot;:&quot;px&quot;,&quot;size&quot;:&quot;&quot;,&quot;sizes&quot;:[]}}\" data-widget_type=\"text-editor.default\">\n\t\t\t\t\t\t\t\t\t<p>Reserve seus passeios pelo Pantanal e o Safari do Jaguar na Pousada Safari do Jaguar e vivencie um dos destinos de vida selvagem mais ricos do mundo.<\/p>\t\t\t\t\t\t\t\t<\/div>\n\t\t<div class=\"elementor-element elementor-element-12a1728 e-con-full e-flex e-con e-child\" data-id=\"12a1728\" data-element_type=\"container\" data-e-type=\"container\">\n\t\t\t\t<div class=\"elementor-element elementor-element-ec1305b e-transform elementor-widget elementor-widget-button\" data-id=\"ec1305b\" data-element_type=\"widget\" data-e-type=\"widget\" data-settings=\"{&quot;_transform_scale_effect_hover&quot;:{&quot;unit&quot;:&quot;px&quot;,&quot;size&quot;:1.1,&quot;sizes&quot;:[]},&quot;_transform_scale_effect_hover_tablet&quot;:{&quot;unit&quot;:&quot;px&quot;,&quot;size&quot;:&quot;&quot;,&quot;sizes&quot;:[]},&quot;_transform_scale_effect_hover_mobile&quot;:{&quot;unit&quot;:&quot;px&quot;,&quot;size&quot;:&quot;&quot;,&quot;sizes&quot;:[]}}\" data-widget_type=\"button.default\">\n\t\t\t\t\t\t\t\t\t\t<a class=\"elementor-button elementor-button-link elementor-size-sm\" href=\"https:\/\/wa.me\/5565996477028\">\n\t\t\t\t\t\t<span class=\"elementor-button-content-wrapper\">\n\t\t\t\t\t\t<span class=\"elementor-button-icon\">\n\t\t\t\t<svg aria-hidden=\"true\" class=\"e-font-icon-svg e-fab-whatsapp\" viewbox=\"0 0 448 512\" xmlns=\"http:\/\/www.w3.org\/2000\/svg\"><path d=\"M380.9 97.1C339 55.1 283.2 32 223.9 32c-122.4 0-222 99.6-222 222 0 39.1 10.2 77.3 29.6 111L0 480l117.7-30.9c32.4 17.7 68.9 27 106.1 27h.1c122.3 0 224.1-99.6 224.1-222 0-59.3-25.2-115-67.1-157zm-157 341.6c-33.2 0-65.7-8.9-94-25.7l-6.7-4-69.8 18.3L72 359.2l-4.4-7c-18.5-29.4-28.2-63.3-28.2-98.2 0-101.7 82.8-184.5 184.6-184.5 49.3 0 95.6 19.2 130.4 54.1 34.8 34.9 56.2 81.2 56.1 130.5 0 101.8-84.9 184.6-186.6 184.6zm101.2-138.2c-5.5-2.8-32.8-16.2-37.9-18-5.1-1.9-8.8-2.8-12.5 2.8-3.7 5.6-14.3 18-17.6 21.8-3.2 3.7-6.5 4.2-12 1.4-32.6-16.3-54-29.1-75.5-66-5.7-9.8 5.7-9.1 16.3-30.3 1.8-3.7.9-6.9-.5-9.7-1.4-2.8-12.5-30.1-17.1-41.2-4.5-10.8-9.1-9.3-12.5-9.5-3.2-.2-6.9-.2-10.6-.2-3.7 0-9.7 1.4-14.8 6.9-5.1 5.6-19.4 19-19.4 46.3 0 27.3 19.9 53.7 22.6 57.4 2.8 3.7 39.1 59.7 94.8 83.8 35.2 15.2 49 16.5 66.6 13.9 10.7-1.6 32.8-13.4 37.4-26.4 4.6-13 4.6-24.1 3.2-26.4-1.3-2.5-5-3.9-10.5-6.6z\"><\/path><\/svg>\t\t\t<\/span>\n\t\t\t\t\t\t\t\t\t<span class=\"elementor-button-text\">Reserve Seu Passeio Aqui<\/span>\n\t\t\t\t\t<\/span>\n\t\t\t\t\t<\/a>\n\t\t\t\t\t\t\t\t<\/div>\n\t\t\t\t<\/div>\n\t\t\t\t<\/div>\n\t\t\t\t\t<\/div>\n\t\t\t\t<\/div>\n\t\t\t\t<\/div>","protected":false},"excerpt":{"rendered":"<p>Explore Pantanal Tours and Wildlife Experiences Discover unforgettable Pantanal tours guided by experienced local guides. From jaguar spotting in Porto Jofre to wildlife safaris along the rivers.\u00a0 Experience the incredible biodiversity of the northern Pantanal, staying in our cozy accommodation. Wildlife Tours in the Pantanal Of course, we work hard on making our guests dreams [&hellip;]<\/p>\n","protected":false},"author":1,"featured_media":609,"parent":0,"menu_order":0,"comment_status":"closed","ping_status":"closed","template":"","meta":{"footnotes":""},"class_list":["post-571","page","type-page","status-publish","has-post-thumbnail","hentry"],"yoast_head":"<!-- This site is optimized with the Yoast SEO plugin v27.1.1 - https:\/\/yoast.com\/product\/yoast-seo-wordpress\/ -->\n<title>Pantanal Pantanal Tours - Pousada Safari do Jaguar- Start your tour here with us.<\/title>\n<meta name=\"description\" content=\"Pantanal Tours - Pousada Safari do Jaguar - Get your tours started here with us. We organize your Safaris right from the start\" \/>\n<meta name=\"robots\" content=\"index, follow, max-snippet:-1, max-image-preview:large, max-video-preview:-1\" \/>\n<link rel=\"canonical\" href=\"https:\/\/pousadasafaridojaguar.com\/pt-br\/pantanal-tours\/\" \/>\n<meta property=\"og:locale\" content=\"pt_BR\" \/>\n<meta property=\"og:type\" content=\"article\" \/>\n<meta property=\"og:title\" content=\"Pantanal Pantanal Tours - Pousada Safari do Jaguar- Start your tour here with us.\" \/>\n<meta property=\"og:description\" content=\"Pantanal Tours - Pousada Safari do Jaguar - Get your tours started here with us. We organize your Safaris right from the start\" \/>\n<meta property=\"og:url\" content=\"https:\/\/pousadasafaridojaguar.com\/pt-br\/pantanal-tours\/\" \/>\n<meta property=\"og:site_name\" content=\"Pousada Safari do Jaguar\" \/>\n<meta property=\"article:modified_time\" content=\"2026-03-18T02:54:32+00:00\" \/>\n<meta property=\"og:image\" content=\"https:\/\/pousadasafaridojaguar.com\/wp-content\/uploads\/2026\/03\/WhatsApp-Image-2025-12-30-at-19.58.46-4-1.jpeg\" \/>\n\t<meta property=\"og:image:width\" content=\"1125\" \/>\n\t<meta property=\"og:image:height\" content=\"1084\" \/>\n\t<meta property=\"og:image:type\" content=\"image\/jpeg\" \/>\n<meta name=\"twitter:card\" content=\"summary_large_image\" \/>\n<meta name=\"twitter:label1\" content=\"Est. tempo de leitura\" \/>\n\t<meta name=\"twitter:data1\" content=\"2 minutos\" \/>\n<script type=\"application\/ld+json\" class=\"yoast-schema-graph\">{\"@context\":\"https:\/\/schema.org\",\"@graph\":[{\"@type\":\"WebPage\",\"@id\":\"https:\/\/pousadasafaridojaguar.com\/pantanal-tours\/\",\"url\":\"https:\/\/pousadasafaridojaguar.com\/pantanal-tours\/\",\"name\":\"Pantanal Pantanal Tours - Pousada Safari do Jaguar- Start your tour here with us.\",\"isPartOf\":{\"@id\":\"https:\/\/pousadasafaridojaguar.com\/#website\"},\"primaryImageOfPage\":{\"@id\":\"https:\/\/pousadasafaridojaguar.com\/pantanal-tours\/#primaryimage\"},\"image\":{\"@id\":\"https:\/\/pousadasafaridojaguar.com\/pantanal-tours\/#primaryimage\"},\"thumbnailUrl\":\"https:\/\/pousadasafaridojaguar.com\/wp-content\/uploads\/2026\/03\/WhatsApp-Image-2025-12-30-at-19.58.46-4-1.jpeg\",\"datePublished\":\"2026-03-17T12:42:56+00:00\",\"dateModified\":\"2026-03-18T02:54:32+00:00\",\"description\":\"Pantanal Tours - Pousada Safari do Jaguar - Get your tours started here with us. We organize your Safaris right from the start\",\"breadcrumb\":{\"@id\":\"https:\/\/pousadasafaridojaguar.com\/pantanal-tours\/#breadcrumb\"},\"inLanguage\":\"pt-BR\",\"potentialAction\":[{\"@type\":\"ReadAction\",\"target\":[\"https:\/\/pousadasafaridojaguar.com\/pantanal-tours\/\"]}]},{\"@type\":\"ImageObject\",\"inLanguage\":\"pt-BR\",\"@id\":\"https:\/\/pousadasafaridojaguar.com\/pantanal-tours\/#primaryimage\",\"url\":\"https:\/\/pousadasafaridojaguar.com\/wp-content\/uploads\/2026\/03\/WhatsApp-Image-2025-12-30-at-19.58.46-4-1.jpeg\",\"contentUrl\":\"https:\/\/pousadasafaridojaguar.com\/wp-content\/uploads\/2026\/03\/WhatsApp-Image-2025-12-30-at-19.58.46-4-1.jpeg\",\"width\":1125,\"height\":1084,\"caption\":\"Pantanal Tours\"},{\"@type\":\"BreadcrumbList\",\"@id\":\"https:\/\/pousadasafaridojaguar.com\/pantanal-tours\/#breadcrumb\",\"itemListElement\":[{\"@type\":\"ListItem\",\"position\":1,\"name\":\"Home\",\"item\":\"https:\/\/pousadasafaridojaguar.com\/\"},{\"@type\":\"ListItem\",\"position\":2,\"name\":\"Pantanal Tours\"}]},{\"@type\":\"WebSite\",\"@id\":\"https:\/\/pousadasafaridojaguar.com\/#website\",\"url\":\"https:\/\/pousadasafaridojaguar.com\/\",\"name\":\"Pousada Safari do Jaguar\",\"description\":\"\",\"publisher\":{\"@id\":\"https:\/\/pousadasafaridojaguar.com\/#organization\"},\"potentialAction\":[{\"@type\":\"SearchAction\",\"target\":{\"@type\":\"EntryPoint\",\"urlTemplate\":\"https:\/\/pousadasafaridojaguar.com\/?s={search_term_string}\"},\"query-input\":{\"@type\":\"PropertyValueSpecification\",\"valueRequired\":true,\"valueName\":\"search_term_string\"}}],\"inLanguage\":\"pt-BR\"},{\"@type\":\"Organization\",\"@id\":\"https:\/\/pousadasafaridojaguar.com\/#organization\",\"name\":\"Pousada Safari do Jaguar\",\"url\":\"https:\/\/pousadasafaridojaguar.com\/\",\"logo\":{\"@type\":\"ImageObject\",\"inLanguage\":\"pt-BR\",\"@id\":\"https:\/\/pousadasafaridojaguar.com\/#\/schema\/logo\/image\/\",\"url\":\"https:\/\/pousadasafaridojaguar.com\/wp-content\/uploads\/2026\/03\/safaridojaguar_logo-1.png\",\"contentUrl\":\"https:\/\/pousadasafaridojaguar.com\/wp-content\/uploads\/2026\/03\/safaridojaguar_logo-1.png\",\"width\":1024,\"height\":1024,\"caption\":\"Pousada Safari do Jaguar\"},\"image\":{\"@id\":\"https:\/\/pousadasafaridojaguar.com\/#\/schema\/logo\/image\/\"}}]}<\/script>\n<!-- \/ Yoast SEO plugin. -->","yoast_head_json":{"title":"Pantanal Pantanal Tours - Pousada Safari do Jaguar- Start your tour here with us.","description":"Pantanal Tours - Pousada Safari do Jaguar - Get your tours started here with us. We organize your Safaris right from the start","robots":{"index":"index","follow":"follow","max-snippet":"max-snippet:-1","max-image-preview":"max-image-preview:large","max-video-preview":"max-video-preview:-1"},"canonical":"https:\/\/pousadasafaridojaguar.com\/pt-br\/pantanal-tours\/","og_locale":"pt_BR","og_type":"article","og_title":"Pantanal Pantanal Tours - Pousada Safari do Jaguar- Start your tour here with us.","og_description":"Pantanal Tours - Pousada Safari do Jaguar - Get your tours started here with us. We organize your Safaris right from the start","og_url":"https:\/\/pousadasafaridojaguar.com\/pt-br\/pantanal-tours\/","og_site_name":"Pousada Safari do Jaguar","article_modified_time":"2026-03-18T02:54:32+00:00","og_image":[{"width":1125,"height":1084,"url":"https:\/\/pousadasafaridojaguar.com\/wp-content\/uploads\/2026\/03\/WhatsApp-Image-2025-12-30-at-19.58.46-4-1.jpeg","type":"image\/jpeg"}],"twitter_card":"summary_large_image","twitter_misc":{"Est. tempo de leitura":"2 minutos"},"schema":{"@context":"https:\/\/schema.org","@graph":[{"@type":"WebPage","@id":"https:\/\/pousadasafaridojaguar.com\/pantanal-tours\/","url":"https:\/\/pousadasafaridojaguar.com\/pantanal-tours\/","name":"Pantanal Pantanal Tours - Pousada Safari do Jaguar- Start your tour here with us.","isPartOf":{"@id":"https:\/\/pousadasafaridojaguar.com\/#website"},"primaryImageOfPage":{"@id":"https:\/\/pousadasafaridojaguar.com\/pantanal-tours\/#primaryimage"},"image":{"@id":"https:\/\/pousadasafaridojaguar.com\/pantanal-tours\/#primaryimage"},"thumbnailUrl":"https:\/\/pousadasafaridojaguar.com\/wp-content\/uploads\/2026\/03\/WhatsApp-Image-2025-12-30-at-19.58.46-4-1.jpeg","datePublished":"2026-03-17T12:42:56+00:00","dateModified":"2026-03-18T02:54:32+00:00","description":"Pantanal Tours - Pousada Safari do Jaguar - Get your tours started here with us. We organize your Safaris right from the start","breadcrumb":{"@id":"https:\/\/pousadasafaridojaguar.com\/pantanal-tours\/#breadcrumb"},"inLanguage":"pt-BR","potentialAction":[{"@type":"ReadAction","target":["https:\/\/pousadasafaridojaguar.com\/pantanal-tours\/"]}]},{"@type":"ImageObject","inLanguage":"pt-BR","@id":"https:\/\/pousadasafaridojaguar.com\/pantanal-tours\/#primaryimage","url":"https:\/\/pousadasafaridojaguar.com\/wp-content\/uploads\/2026\/03\/WhatsApp-Image-2025-12-30-at-19.58.46-4-1.jpeg","contentUrl":"https:\/\/pousadasafaridojaguar.com\/wp-content\/uploads\/2026\/03\/WhatsApp-Image-2025-12-30-at-19.58.46-4-1.jpeg","width":1125,"height":1084,"caption":"Pantanal Tours"},{"@type":"BreadcrumbList","@id":"https:\/\/pousadasafaridojaguar.com\/pantanal-tours\/#breadcrumb","itemListElement":[{"@type":"ListItem","position":1,"name":"Home","item":"https:\/\/pousadasafaridojaguar.com\/"},{"@type":"ListItem","position":2,"name":"Pantanal Tours"}]},{"@type":"WebSite","@id":"https:\/\/pousadasafaridojaguar.com\/#website","url":"https:\/\/pousadasafaridojaguar.com\/","name":"Pousada Safari do Jaguar","description":"","publisher":{"@id":"https:\/\/pousadasafaridojaguar.com\/#organization"},"potentialAction":[{"@type":"SearchAction","target":{"@type":"EntryPoint","urlTemplate":"https:\/\/pousadasafaridojaguar.com\/?s={search_term_string}"},"query-input":{"@type":"PropertyValueSpecification","valueRequired":true,"valueName":"search_term_string"}}],"inLanguage":"pt-BR"},{"@type":"Organization","@id":"https:\/\/pousadasafaridojaguar.com\/#organization","name":"Pousada Safari do Jaguar","url":"https:\/\/pousadasafaridojaguar.com\/","logo":{"@type":"ImageObject","inLanguage":"pt-BR","@id":"https:\/\/pousadasafaridojaguar.com\/#\/schema\/logo\/image\/","url":"https:\/\/pousadasafaridojaguar.com\/wp-content\/uploads\/2026\/03\/safaridojaguar_logo-1.png","contentUrl":"https:\/\/pousadasafaridojaguar.com\/wp-content\/uploads\/2026\/03\/safaridojaguar_logo-1.png","width":1024,"height":1024,"caption":"Pousada Safari do Jaguar"},"image":{"@id":"https:\/\/pousadasafaridojaguar.com\/#\/schema\/logo\/image\/"}}]}},"_hostinger_reach_plugin_has_subscription_block":false,"_hostinger_reach_plugin_is_elementor":false,"_links":{"self":[{"href":"https:\/\/pousadasafaridojaguar.com\/pt-br\/wp-json\/wp\/v2\/pages\/571","targetHints":{"allow":["GET"]}}],"collection":[{"href":"https:\/\/pousadasafaridojaguar.com\/pt-br\/wp-json\/wp\/v2\/pages"}],"about":[{"href":"https:\/\/pousadasafaridojaguar.com\/pt-br\/wp-json\/wp\/v2\/types\/page"}],"author":[{"embeddable":true,"href":"https:\/\/pousadasafaridojaguar.com\/pt-br\/wp-json\/wp\/v2\/users\/1"}],"replies":[{"embeddable":true,"href":"https:\/\/pousadasafaridojaguar.com\/pt-br\/wp-json\/wp\/v2\/comments?post=571"}],"version-history":[{"count":137,"href":"https:\/\/pousadasafaridojaguar.com\/pt-br\/wp-json\/wp\/v2\/pages\/571\/revisions"}],"predecessor-version":[{"id":723,"href":"https:\/\/pousadasafaridojaguar.com\/pt-br\/wp-json\/wp\/v2\/pages\/571\/revisions\/723"}],"wp:featuredmedia":[{"embeddable":true,"href":"https:\/\/pousadasafaridojaguar.com\/pt-br\/wp-json\/wp\/v2\/media\/609"}],"wp:attachment":[{"href":"https:\/\/pousadasafaridojaguar.com\/pt-br\/wp-json\/wp\/v2\/media?parent=571"}],"curies":[{"name":"wp","href":"https:\/\/api.w.org\/{rel}","templated":true}]}}